{"id":233,"date":"2026-04-17T14:45:34","date_gmt":"2026-04-17T20:45:34","guid":{"rendered":"https:\/\/asogenesis.org\/?post_type=product&#038;p=233"},"modified":"2026-04-17T14:45:35","modified_gmt":"2026-04-17T20:45:35","slug":"mazda-3-2014","status":"publish","type":"product","link":"https:\/\/asogenesis.org\/?product=mazda-3-2014","title":{"rendered":"MAZDA 3 2014"},"content":{"rendered":"<p>MAZDA 3 MODELO 2014<\/p>\n<p>67,xxx Millas comprobables<br \/>\nAros de magnesio<br \/>\nTapicer\u00eda de Tela<br \/>\nCola de F\u00e1brica<br \/>\nABS<\/p>\n<p>Aire Acondicionado al 100%<br \/>\nVentanas y Retrovisores El\u00e9ctricos<br \/>\nSensores de Punto Ciego (BSM)<br \/>\nEncendido de bot\u00f3n<br \/>\nLlave de Proximidad<br \/>\nAlarma de F\u00e1brica<br \/>\nFM, Bluetooth, Auxiliar, USB y CD<\/p>\n","protected":false},"excerpt":{"rendered":"<p>MAZDA 3 MODELO 2014 67,xxx Millas comprobables Aros de magnesio Tapicer\u00eda de Tela Cola de F\u00e1brica ABS Aire Acondicionado al 100% Ventanas y Retrovisores El\u00e9ctricos Sensores de Punto Ciego (BSM) Encendido de bot\u00f3n Llave de Proximidad Alarma de F\u00e1brica FM, Bluetooth, Auxiliar, USB y CD<\/p>\n","protected":false},"featured_media":243,"comment_status":"open","ping_status":"closed","template":"","meta":{"_acf_changed":false},"product_brand":[],"product_cat":[16,15],"product_tag":[],"class_list":{"0":"post-233","1":"product","2":"type-product","3":"status-publish","4":"has-post-thumbnail","6":"product_cat-sedan","7":"product_cat-all","9":"first","10":"instock","11":"shipping-taxable","12":"purchasable","13":"product-type-simple"},"acf":[],"_links":{"self":[{"href":"https:\/\/asogenesis.org\/index.php?rest_route=\/wp\/v2\/product\/233","targetHints":{"allow":["GET"]}}],"collection":[{"href":"https:\/\/asogenesis.org\/index.php?rest_route=\/wp\/v2\/product"}],"about":[{"href":"https:\/\/asogenesis.org\/index.php?rest_route=\/wp\/v2\/types\/product"}],"replies":[{"embeddable":true,"href":"https:\/\/asogenesis.org\/index.php?rest_route=%2Fwp%2Fv2%2Fcomments&post=233"}],"wp:featuredmedia":[{"embeddable":true,"href":"https:\/\/asogenesis.org\/index.php?rest_route=\/wp\/v2\/media\/243"}],"wp:attachment":[{"href":"https:\/\/asogenesis.org\/index.php?rest_route=%2Fwp%2Fv2%2Fmedia&parent=233"}],"wp:term":[{"taxonomy":"product_brand","embeddable":true,"href":"https:\/\/asogenesis.org\/index.php?rest_route=%2Fwp%2Fv2%2Fproduct_brand&post=233"},{"taxonomy":"product_cat","embeddable":true,"href":"https:\/\/asogenesis.org\/index.php?rest_route=%2Fwp%2Fv2%2Fproduct_cat&post=233"},{"taxonomy":"product_tag","embeddable":true,"href":"https:\/\/asogenesis.org\/index.php?rest_route=%2Fwp%2Fv2%2Fproduct_tag&post=233"}],"curies":[{"name":"wp","href":"https:\/\/api.w.org\/{rel}","templated":true}]}}